{"id":940,"date":"2018-02-22T21:01:30","date_gmt":"2018-02-22T19:01:30","guid":{"rendered":"http:\/\/svtk.ayy.fi\/?page_id=940"},"modified":"2026-01-13T17:46:44","modified_gmt":"2026-01-13T15:46:44","slug":"kerhon-puheenjohtajat","status":"publish","type":"page","link":"https:\/\/svtk.fi\/?page_id=940","title":{"rendered":"Aiemmat puheenjohtajat"},"content":{"rendered":"<p>1977 Antero Heiskala, Jouko Niiranen<\/p>\n<p>1978 Tuula Vartela-Tiala<\/p>\n<p>1979 Tapio Kelo<\/p>\n<p>1980 Heikki Rantama<\/p>\n<p>1981 Teemu J\u00e4rvenp\u00e4\u00e4<\/p>\n<p>1982 Anssi Sepp\u00e4l\u00e4<\/p>\n<p>1983 Ilkka Salonen<\/p>\n<p>1984 Heikki H\u00e4rk\u00f6nen<\/p>\n<p>1985 Markku Varsila<\/p>\n<p>1986 Jaakko J\u00e4rvist\u00f6<\/p>\n<p>1987 Pekka Suontausta<\/p>\n<p>1988 Ville Rasimus<\/p>\n<p>1989 Timo Alasuvanto<\/p>\n<p>1990 Timo Alasuvanto<\/p>\n<p>1991 Harri Kontio<\/p>\n<p>1992 Kai Konola<\/p>\n<p>1993 Henri Varis<\/p>\n<p>1994 Jukka Peltola<\/p>\n<p>1995 Riku Kyt\u00f6m\u00e4ki<\/p>\n<p>1996 Antti Pikkarainen<\/p>\n<p>1997 Janne Martin<\/p>\n<p>1998 Asko Tenhunen<\/p>\n<p>1999 Sami Kanerva<\/p>\n<p>2000 Aleksi Nordlund<\/p>\n<p>2001 Klaus Jaukkari<\/p>\n<p>2002 Klaus Jaukkari<\/p>\n<p>2003 Juha Kivioja, Tero Kniivil\u00e4<\/p>\n<p>2004 Tatu Pahkala<\/p>\n<p>2005 Riku Kananen<\/p>\n<p>2006 Ville Miettinen<\/p>\n<p>2007 Vassi Kujala<\/p>\n<p>2008 Ina Lehto (os. Sandstr\u00f6m)<\/p>\n<p>2009 Nina Lagus<\/p>\n<p>2010 Antti Kuusela<\/p>\n<p>2011 Timo Vihavainen<\/p>\n<p>2012 Taneli Lehtonen<\/p>\n<p>2013 Taneli Lehtonen<\/p>\n<p>2014 Tuukka Huikari<\/p>\n<p>2015 Mikko Peltola<\/p>\n<p>2016 Juho Vainio<\/p>\n<p>2017 Mikael Aikio<\/p>\n<p>2018 Aku Forsstr\u00f6m<\/p>\n<p>2019 Eero Paavilainen<\/p>\n<p>2020 Jyri Lind<\/p>\n<p>2021 Miina-Maija Simonen<\/p>\n<p>2022 Aaro Rasilainen<\/p>\n<p>2023 Dani Hyttinen<\/p>\n<p>2024 Patrik Varteva<\/p>\n<p>2025 Patrik Varteva<\/p>\n","protected":false},"excerpt":{"rendered":"<p>1977 Antero Heiskala, Jouko Niiranen 1978 Tuula Vartela-Tiala 1979 Tapio Kelo 1980 Heikki Rantama 1981 Teemu J\u00e4rvenp\u00e4\u00e4 1982 Anssi Sepp\u00e4l\u00e4 1983 Ilkka Salonen 1984 Heikki H\u00e4rk\u00f6nen 1985 Markku Varsila 1986 Jaakko J\u00e4rvist\u00f6 1987 Pekka Suontausta 1988 Ville Rasimus 1989 Timo&#8230;<br \/><a class=\"read-more-button\" href=\"https:\/\/svtk.fi\/?page_id=940\">Read more<\/a><\/p>\n","protected":false},"author":2,"featured_media":0,"parent":1832,"menu_order":12,"comment_status":"closed","ping_status":"closed","template":"","meta":{"footnotes":""},"class_list":["post-940","page","type-page","status-publish","hentry"],"_links":{"self":[{"href":"https:\/\/svtk.fi\/index.php?rest_route=\/wp\/v2\/pages\/940"}],"collection":[{"href":"https:\/\/svtk.fi\/index.php?rest_route=\/wp\/v2\/pages"}],"about":[{"href":"https:\/\/svtk.fi\/index.php?rest_route=\/wp\/v2\/types\/page"}],"author":[{"embeddable":true,"href":"https:\/\/svtk.fi\/index.php?rest_route=\/wp\/v2\/users\/2"}],"replies":[{"embeddable":true,"href":"https:\/\/svtk.fi\/index.php?rest_route=%2Fwp%2Fv2%2Fcomments&post=940"}],"version-history":[{"count":8,"href":"https:\/\/svtk.fi\/index.php?rest_route=\/wp\/v2\/pages\/940\/revisions"}],"predecessor-version":[{"id":1896,"href":"https:\/\/svtk.fi\/index.php?rest_route=\/wp\/v2\/pages\/940\/revisions\/1896"}],"up":[{"embeddable":true,"href":"https:\/\/svtk.fi\/index.php?rest_route=\/wp\/v2\/pages\/1832"}],"wp:attachment":[{"href":"https:\/\/svtk.fi\/index.php?rest_route=%2Fwp%2Fv2%2Fmedia&parent=940"}],"curies":[{"name":"wp","href":"https:\/\/api.w.org\/{rel}","templated":true}]}}