{"id":7,"date":"2015-10-28T16:30:30","date_gmt":"2015-10-28T14:30:30","guid":{"rendered":"http:\/\/svtk.ayy.fi\/?page_id=7"},"modified":"2026-01-13T17:45:59","modified_gmt":"2026-01-13T15:45:59","slug":"2015-2","status":"publish","type":"page","link":"https:\/\/svtk.fi\/?page_id=7","title":{"rendered":"2015"},"content":{"rendered":"<div id=\"pl-7\"  class=\"panel-layout\" ><div id=\"pg-7-0\"  class=\"panel-grid panel-no-style\" ><div id=\"pgc-7-0-0\"  class=\"panel-grid-cell\" ><div id=\"panel-7-0-0-0\" class=\"so-panel widget widget_sow-editor panel-first-child panel-last-child\" data-index=\"0\" ><div\n\t\t\t\n\t\t\tclass=\"so-widget-sow-editor so-widget-sow-editor-base\"\n\t\t\t\n\t\t>\n<div class=\"siteorigin-widget-tinymce textwidget\">\n\t<p>\u00a0\u00a0<\/p>\n<\/div>\n<\/div><\/div><\/div><\/div><div id=\"pg-7-1\"  class=\"panel-grid panel-no-style\" ><div id=\"pgc-7-1-0\"  class=\"panel-grid-cell\" ><div id=\"panel-7-1-0-0\" class=\"so-panel widget widget_sow-editor panel-first-child panel-last-child\" data-index=\"1\" ><div\n\t\t\t\n\t\t\tclass=\"so-widget-sow-editor so-widget-sow-editor-base\"\n\t\t\t\n\t\t><h3 class=\"widget-title\">Puheenjohtaja<\/h3>\n<div class=\"siteorigin-widget-tinymce textwidget\">\n\t<p>Mikko Peltola<\/p>\n<p>\u00a0<\/p>\n<\/div>\n<\/div><\/div><\/div><div id=\"pgc-7-1-1\"  class=\"panel-grid-cell\" ><div id=\"panel-7-1-1-0\" class=\"so-panel widget widget_sow-image panel-first-child panel-last-child\" data-index=\"2\" ><div class=\"panel-widget-style panel-widget-style-for-7-1-1-0\" ><div\n\t\t\t\n\t\t\tclass=\"so-widget-sow-image so-widget-sow-image-default-8b5b6f678277-7\"\n\t\t\t\n\t\t>\n<div class=\"sow-image-container\">\n\t\t<img \n\tsrc=\"https:\/\/svtk.fi\/wp-content\/uploads\/2015\/10\/mikko.jpg\" width=\"125\" height=\"150\" srcset=\"https:\/\/svtk.fi\/wp-content\/uploads\/2015\/10\/mikko.jpg 797w, https:\/\/svtk.fi\/wp-content\/uploads\/2015\/10\/mikko-249x300.jpg 249w\" sizes=\"(max-width: 125px) 100vw, 125px\" alt=\"\" \t\tclass=\"so-widget-image\"\/>\n\t<\/div>\n\n<\/div><\/div><\/div><\/div><div id=\"pgc-7-1-2\"  class=\"panel-grid-cell\" ><div id=\"panel-7-1-2-0\" class=\"so-panel widget widget_sow-editor panel-first-child panel-last-child\" data-index=\"3\" ><div\n\t\t\t\n\t\t\tclass=\"so-widget-sow-editor so-widget-sow-editor-base\"\n\t\t\t\n\t\t><h3 class=\"widget-title\">Sihteeri<\/h3>\n<div class=\"siteorigin-widget-tinymce textwidget\">\n\t<p>Minna Luojus<\/p>\n<p style=\"text-align: justify;\">\u00a0<\/p>\n<\/div>\n<\/div><\/div><\/div><div id=\"pgc-7-1-3\"  class=\"panel-grid-cell\" ><div id=\"panel-7-1-3-0\" class=\"so-panel widget widget_sow-image panel-first-child panel-last-child\" data-index=\"4\" ><div\n\t\t\t\n\t\t\tclass=\"so-widget-sow-image so-widget-sow-image-default-8b5b6f678277-7\"\n\t\t\t\n\t\t>\n<div class=\"sow-image-container\">\n\t\t<img \n\tsrc=\"https:\/\/svtk.fi\/wp-content\/uploads\/2015\/10\/minna_luojus.jpg\" width=\"150\" height=\"150\" srcset=\"https:\/\/svtk.fi\/wp-content\/uploads\/2015\/10\/minna_luojus.jpg 447w, https:\/\/svtk.fi\/wp-content\/uploads\/2015\/10\/minna_luojus-150x150.jpg 150w, https:\/\/svtk.fi\/wp-content\/uploads\/2015\/10\/minna_luojus-300x300.jpg 300w\" sizes=\"(max-width: 150px) 100vw, 150px\" alt=\"\" \t\tclass=\"so-widget-image\"\/>\n\t<\/div>\n\n<\/div><\/div><\/div><\/div><div id=\"pg-7-2\"  class=\"panel-grid panel-no-style\" ><div id=\"pgc-7-2-0\"  class=\"panel-grid-cell\" ><div id=\"panel-7-2-0-0\" class=\"so-panel widget widget_sow-editor panel-first-child panel-last-child\" data-index=\"5\" ><div\n\t\t\t\n\t\t\tclass=\"so-widget-sow-editor so-widget-sow-editor-base\"\n\t\t\t\n\t\t><h3 class=\"widget-title\">Tiedottaja<\/h3>\n<div class=\"siteorigin-widget-tinymce textwidget\">\n\t<p>Lassi V\u00e4in\u00f6l\u00e4<\/p>\n<p>\u00a0<\/p>\n<\/div>\n<\/div><\/div><\/div><div id=\"pgc-7-2-1\"  class=\"panel-grid-cell\" ><div id=\"panel-7-2-1-0\" class=\"so-panel widget widget_sow-image panel-first-child panel-last-child\" data-index=\"6\" ><div\n\t\t\t\n\t\t\tclass=\"so-widget-sow-image so-widget-sow-image-default-8b5b6f678277-7\"\n\t\t\t\n\t\t>\n<div class=\"sow-image-container\">\n\t\t<img \n\tsrc=\"https:\/\/svtk.fi\/wp-content\/uploads\/2015\/10\/Lassi.png\" width=\"115\" height=\"150\" srcset=\"https:\/\/svtk.fi\/wp-content\/uploads\/2015\/10\/Lassi.png 1701w, https:\/\/svtk.fi\/wp-content\/uploads\/2015\/10\/Lassi-231x300.png 231w, https:\/\/svtk.fi\/wp-content\/uploads\/2015\/10\/Lassi-787x1024.png 787w, https:\/\/svtk.fi\/wp-content\/uploads\/2015\/10\/Lassi-1170x1522.png 1170w\" sizes=\"(max-width: 115px) 100vw, 115px\" alt=\"\" \t\tclass=\"so-widget-image\"\/>\n\t<\/div>\n\n<\/div><\/div><\/div><div id=\"pgc-7-2-2\"  class=\"panel-grid-cell\" ><div id=\"panel-7-2-2-0\" class=\"so-panel widget widget_sow-editor panel-first-child panel-last-child\" data-index=\"7\" ><div\n\t\t\t\n\t\t\tclass=\"so-widget-sow-editor so-widget-sow-editor-base\"\n\t\t\t\n\t\t><h3 class=\"widget-title\">Rahastonhoitaja<\/h3>\n<div class=\"siteorigin-widget-tinymce textwidget\">\n\t<p>Eemeli M\u00f6ls\u00e4<\/p>\n<p>\u00a0<\/p>\n<\/div>\n<\/div><\/div><\/div><div id=\"pgc-7-2-3\"  class=\"panel-grid-cell\" ><div id=\"panel-7-2-3-0\" class=\"so-panel widget widget_sow-image panel-first-child panel-last-child\" data-index=\"8\" ><div\n\t\t\t\n\t\t\tclass=\"so-widget-sow-image so-widget-sow-image-default-8b5b6f678277-7\"\n\t\t\t\n\t\t>\n<div class=\"sow-image-container\">\n\t\t<img \n\tsrc=\"https:\/\/svtk.fi\/wp-content\/uploads\/2015\/10\/Eemeli.png\" width=\"131\" height=\"150\" srcset=\"https:\/\/svtk.fi\/wp-content\/uploads\/2015\/10\/Eemeli.png 1725w, https:\/\/svtk.fi\/wp-content\/uploads\/2015\/10\/Eemeli-262x300.png 262w, https:\/\/svtk.fi\/wp-content\/uploads\/2015\/10\/Eemeli-895x1024.png 895w, https:\/\/svtk.fi\/wp-content\/uploads\/2015\/10\/Eemeli-1170x1338.png 1170w\" sizes=\"(max-width: 131px) 100vw, 131px\" alt=\"\" \t\tclass=\"so-widget-image\"\/>\n\t<\/div>\n\n<\/div><\/div><\/div><\/div><div id=\"pg-7-3\"  class=\"panel-grid panel-no-style\" ><div id=\"pgc-7-3-0\"  class=\"panel-grid-cell\" ><div id=\"panel-7-3-0-0\" class=\"so-panel widget widget_sow-editor panel-first-child panel-last-child\" data-index=\"9\" ><div\n\t\t\t\n\t\t\tclass=\"so-widget-sow-editor so-widget-sow-editor-base\"\n\t\t\t\n\t\t><h3 class=\"widget-title\">P\u00e4\u00e4toimittaja<\/h3>\n<div class=\"siteorigin-widget-tinymce textwidget\">\n\t<p>Jarkko Tulensalo<\/p>\n<p>\u00a0<\/p>\n<\/div>\n<\/div><\/div><\/div><div id=\"pgc-7-3-1\"  class=\"panel-grid-cell\" ><div id=\"panel-7-3-1-0\" class=\"so-panel widget widget_sow-image panel-first-child panel-last-child\" data-index=\"10\" ><div\n\t\t\t\n\t\t\tclass=\"so-widget-sow-image so-widget-sow-image-default-8b5b6f678277-7\"\n\t\t\t\n\t\t>\n<div class=\"sow-image-container\">\n\t\t<img \n\tsrc=\"https:\/\/svtk.fi\/wp-content\/uploads\/2015\/10\/jarkko23.png\" width=\"109\" height=\"150\" sizes=\"(max-width: 109px) 100vw, 109px\" alt=\"\" \t\tclass=\"so-widget-image\"\/>\n\t<\/div>\n\n<\/div><\/div><\/div><div id=\"pgc-7-3-2\"  class=\"panel-grid-cell\" ><div id=\"panel-7-3-2-0\" class=\"so-panel widget widget_sow-editor panel-first-child panel-last-child\" data-index=\"11\" ><div\n\t\t\t\n\t\t\tclass=\"so-widget-sow-editor so-widget-sow-editor-base\"\n\t\t\t\n\t\t><h3 class=\"widget-title\">Yrityssuhdevastaava<\/h3>\n<div class=\"siteorigin-widget-tinymce textwidget\">\n\t<p>Petri Salama<\/p>\n<p>\u00a0<\/p>\n<\/div>\n<\/div><\/div><\/div><div id=\"pgc-7-3-3\"  class=\"panel-grid-cell\" ><div id=\"panel-7-3-3-0\" class=\"so-panel widget widget_sow-image panel-first-child panel-last-child\" data-index=\"12\" ><div\n\t\t\t\n\t\t\tclass=\"so-widget-sow-image so-widget-sow-image-default-8b5b6f678277-7\"\n\t\t\t\n\t\t>\n<div class=\"sow-image-container\">\n\t\t<img \n\tsrc=\"https:\/\/svtk.fi\/wp-content\/uploads\/2015\/10\/Petri_Salama.jpg\" width=\"113\" height=\"150\" srcset=\"https:\/\/svtk.fi\/wp-content\/uploads\/2015\/10\/Petri_Salama.jpg 961w, https:\/\/svtk.fi\/wp-content\/uploads\/2015\/10\/Petri_Salama-225x300.jpg 225w, https:\/\/svtk.fi\/wp-content\/uploads\/2015\/10\/Petri_Salama-768x1024.jpg 768w\" sizes=\"(max-width: 113px) 100vw, 113px\" alt=\"\" \t\tclass=\"so-widget-image\"\/>\n\t<\/div>\n\n<\/div><\/div><\/div><\/div><div id=\"pg-7-4\"  class=\"panel-grid panel-no-style\" ><div id=\"pgc-7-4-0\"  class=\"panel-grid-cell\" ><div id=\"panel-7-4-0-0\" class=\"so-panel widget widget_sow-editor panel-first-child panel-last-child\" data-index=\"13\" ><div\n\t\t\t\n\t\t\tclass=\"so-widget-sow-editor so-widget-sow-editor-base\"\n\t\t\t\n\t\t><h3 class=\"widget-title\">Tapahtumavastaava<\/h3>\n<div class=\"siteorigin-widget-tinymce textwidget\">\n\t<p>Mikko Poranen<\/p>\n<p>\u00a0<\/p>\n<\/div>\n<\/div><\/div><\/div><div id=\"pgc-7-4-1\"  class=\"panel-grid-cell\" ><div id=\"panel-7-4-1-0\" class=\"so-panel widget widget_sow-image panel-first-child panel-last-child\" data-index=\"14\" ><div\n\t\t\t\n\t\t\tclass=\"so-widget-sow-image so-widget-sow-image-default-8b5b6f678277-7\"\n\t\t\t\n\t\t>\n<div class=\"sow-image-container\">\n\t\t<img \n\tsrc=\"https:\/\/svtk.fi\/wp-content\/uploads\/2015\/10\/mikko_poranen.png\" width=\"101\" height=\"150\" sizes=\"(max-width: 101px) 100vw, 101px\" alt=\"\" \t\tclass=\"so-widget-image\"\/>\n\t<\/div>\n\n<\/div><\/div><\/div><div id=\"pgc-7-4-2\"  class=\"panel-grid-cell\" ><div id=\"panel-7-4-2-0\" class=\"so-panel widget widget_sow-editor panel-first-child panel-last-child\" data-index=\"15\" ><div\n\t\t\t\n\t\t\tclass=\"so-widget-sow-editor so-widget-sow-editor-base\"\n\t\t\t\n\t\t><h3 class=\"widget-title\">Tapahtumavastaava<\/h3>\n<div class=\"siteorigin-widget-tinymce textwidget\">\n\t<p>Joonas Turpeinen<\/p>\n<\/div>\n<\/div><\/div><\/div><div id=\"pgc-7-4-3\"  class=\"panel-grid-cell\" ><div id=\"panel-7-4-3-0\" class=\"so-panel widget widget_sow-image panel-first-child panel-last-child\" data-index=\"16\" ><div\n\t\t\t\n\t\t\tclass=\"so-widget-sow-image so-widget-sow-image-default-8b5b6f678277-7\"\n\t\t\t\n\t\t>\n<div class=\"sow-image-container\">\n\t\t<img \n\tsrc=\"https:\/\/svtk.fi\/wp-content\/uploads\/2015\/10\/joonas.jpg\" width=\"84\" height=\"150\" srcset=\"https:\/\/svtk.fi\/wp-content\/uploads\/2015\/10\/joonas.jpg 720w, https:\/\/svtk.fi\/wp-content\/uploads\/2015\/10\/joonas-169x300.jpg 169w, https:\/\/svtk.fi\/wp-content\/uploads\/2015\/10\/joonas-576x1024.jpg 576w\" sizes=\"(max-width: 84px) 100vw, 84px\" alt=\"\" \t\tclass=\"so-widget-image\"\/>\n\t<\/div>\n\n<\/div><\/div><\/div><\/div><\/div>","protected":false},"excerpt":{"rendered":"<p>\u00a0\u00a0 Mikko Peltola\u00a0 Minna Luojus\u00a0<\/p>\n","protected":false},"author":2,"featured_media":0,"parent":1832,"menu_order":11,"comment_status":"closed","ping_status":"closed","template":"","meta":{"footnotes":""},"class_list":["post-7","page","type-page","status-publish","hentry"],"_links":{"self":[{"href":"https:\/\/svtk.fi\/index.php?rest_route=\/wp\/v2\/pages\/7"}],"collection":[{"href":"https:\/\/svtk.fi\/index.php?rest_route=\/wp\/v2\/pages"}],"about":[{"href":"https:\/\/svtk.fi\/index.php?rest_route=\/wp\/v2\/types\/page"}],"author":[{"embeddable":true,"href":"https:\/\/svtk.fi\/index.php?rest_route=\/wp\/v2\/users\/2"}],"replies":[{"embeddable":true,"href":"https:\/\/svtk.fi\/index.php?rest_route=%2Fwp%2Fv2%2Fcomments&post=7"}],"version-history":[{"count":16,"href":"https:\/\/svtk.fi\/index.php?rest_route=\/wp\/v2\/pages\/7\/revisions"}],"predecessor-version":[{"id":1843,"href":"https:\/\/svtk.fi\/index.php?rest_route=\/wp\/v2\/pages\/7\/revisions\/1843"}],"up":[{"embeddable":true,"href":"https:\/\/svtk.fi\/index.php?rest_route=\/wp\/v2\/pages\/1832"}],"wp:attachment":[{"href":"https:\/\/svtk.fi\/index.php?rest_route=%2Fwp%2Fv2%2Fmedia&parent=7"}],"curies":[{"name":"wp","href":"https:\/\/api.w.org\/{rel}","templated":true}]}}