{"id":547,"date":"2017-01-24T14:45:52","date_gmt":"2017-01-24T12:45:52","guid":{"rendered":"http:\/\/svtk.ayy.fi\/?page_id=547"},"modified":"2026-01-13T17:45:54","modified_gmt":"2026-01-13T15:45:54","slug":"2016-2","status":"publish","type":"page","link":"https:\/\/svtk.fi\/?page_id=547","title":{"rendered":"2016"},"content":{"rendered":"<div id=\"pl-547\"  class=\"panel-layout\" ><div id=\"pg-547-0\"  class=\"panel-grid panel-no-style\" ><div id=\"pgc-547-0-0\"  class=\"panel-grid-cell\" ><div id=\"panel-547-0-0-0\" class=\"so-panel widget widget_sow-editor panel-first-child panel-last-child\" data-index=\"0\" ><div\n\t\t\t\n\t\t\tclass=\"so-widget-sow-editor so-widget-sow-editor-base\"\n\t\t\t\n\t\t>\n<div class=\"siteorigin-widget-tinymce textwidget\">\n\t<p>\u00a0\u00a0<\/p>\n<\/div>\n<\/div><\/div><\/div><\/div><div id=\"pg-547-1\"  class=\"panel-grid panel-no-style\" ><div id=\"pgc-547-1-0\"  class=\"panel-grid-cell\" ><div id=\"panel-547-1-0-0\" class=\"so-panel widget widget_sow-editor panel-first-child panel-last-child\" data-index=\"1\" ><div\n\t\t\t\n\t\t\tclass=\"so-widget-sow-editor so-widget-sow-editor-base\"\n\t\t\t\n\t\t><h3 class=\"widget-title\">Puheenjohtaja<\/h3>\n<div class=\"siteorigin-widget-tinymce textwidget\">\n\t<p>Juho Vainio<\/p>\n<p>juho.vainio(at)aalto.fi<\/p>\n<p>044 570 3232<\/p>\n<\/div>\n<\/div><\/div><\/div><div id=\"pgc-547-1-1\"  class=\"panel-grid-cell\" ><div id=\"panel-547-1-1-0\" class=\"so-panel widget widget_sow-image panel-first-child panel-last-child\" data-index=\"2\" ><div class=\"panel-widget-style panel-widget-style-for-547-1-1-0\" ><div\n\t\t\t\n\t\t\tclass=\"so-widget-sow-image so-widget-sow-image-default-8b5b6f678277-547\"\n\t\t\t\n\t\t><\/div><\/div><\/div><\/div><div id=\"pgc-547-1-2\"  class=\"panel-grid-cell\" ><div id=\"panel-547-1-2-0\" class=\"so-panel widget widget_sow-editor panel-first-child panel-last-child\" data-index=\"3\" ><div\n\t\t\t\n\t\t\tclass=\"so-widget-sow-editor so-widget-sow-editor-base\"\n\t\t\t\n\t\t><h3 class=\"widget-title\">Sihteeri<\/h3>\n<div class=\"siteorigin-widget-tinymce textwidget\">\n\t<p>Joonas Turpeinen<\/p>\n<p>joonas.turpeinen(at)aalto.fi<\/p>\n<p>044 976 2422<\/p>\n<\/div>\n<\/div><\/div><\/div><div id=\"pgc-547-1-3\"  class=\"panel-grid-cell\" ><div id=\"panel-547-1-3-0\" class=\"so-panel widget widget_sow-image panel-first-child panel-last-child\" data-index=\"4\" ><div\n\t\t\t\n\t\t\tclass=\"so-widget-sow-image so-widget-sow-image-default-8b5b6f678277-547\"\n\t\t\t\n\t\t>\n<div class=\"sow-image-container\">\n\t\t<img \n\tsrc=\"https:\/\/svtk.fi\/wp-content\/uploads\/2015\/10\/joonas.jpg\" width=\"84\" height=\"150\" srcset=\"https:\/\/svtk.fi\/wp-content\/uploads\/2015\/10\/joonas.jpg 720w, https:\/\/svtk.fi\/wp-content\/uploads\/2015\/10\/joonas-169x300.jpg 169w, https:\/\/svtk.fi\/wp-content\/uploads\/2015\/10\/joonas-576x1024.jpg 576w\" sizes=\"(max-width: 84px) 100vw, 84px\" alt=\"\" \t\tclass=\"so-widget-image\"\/>\n\t<\/div>\n\n<\/div><\/div><\/div><\/div><div id=\"pg-547-2\"  class=\"panel-grid panel-no-style\" ><div id=\"pgc-547-2-0\"  class=\"panel-grid-cell\" ><div id=\"panel-547-2-0-0\" class=\"so-panel widget widget_sow-editor panel-first-child panel-last-child\" data-index=\"5\" ><div\n\t\t\t\n\t\t\tclass=\"so-widget-sow-editor so-widget-sow-editor-base\"\n\t\t\t\n\t\t><h3 class=\"widget-title\">Tiedottaja<\/h3>\n<div class=\"siteorigin-widget-tinymce textwidget\">\n\t<p>Juhani Lepist\u00f6<\/p>\n<p>juhani.lepisto(at)aalto.fi<\/p>\n<p>040 725 6939<\/p>\n<p>\u00a0<\/p>\n<\/div>\n<\/div><\/div><\/div><div id=\"pgc-547-2-1\"  class=\"panel-grid-cell\" ><div id=\"panel-547-2-1-0\" class=\"so-panel widget widget_sow-image panel-first-child panel-last-child\" data-index=\"6\" ><div\n\t\t\t\n\t\t\tclass=\"so-widget-sow-image so-widget-sow-image-default-8b5b6f678277-547\"\n\t\t\t\n\t\t>\n<div class=\"sow-image-container\">\n\t\t<img \n\tsrc=\"https:\/\/svtk.fi\/wp-content\/uploads\/2016\/01\/juhani.jpg\" width=\"102\" height=\"150\" sizes=\"(max-width: 102px) 100vw, 102px\" alt=\"\" \t\tclass=\"so-widget-image\"\/>\n\t<\/div>\n\n<\/div><\/div><\/div><div id=\"pgc-547-2-2\"  class=\"panel-grid-cell\" ><div id=\"panel-547-2-2-0\" class=\"so-panel widget widget_sow-editor panel-first-child panel-last-child\" data-index=\"7\" ><div\n\t\t\t\n\t\t\tclass=\"so-widget-sow-editor so-widget-sow-editor-base\"\n\t\t\t\n\t\t><h3 class=\"widget-title\">Rahastonhoitaja<\/h3>\n<div class=\"siteorigin-widget-tinymce textwidget\">\n\t<p>Vili V\u00e4in\u00f6l\u00e4<\/p>\n<p>vili.vainola(at)aalto.fi<\/p>\n<p>\u00a0<\/p>\n<\/div>\n<\/div><\/div><\/div><div id=\"pgc-547-2-3\"  class=\"panel-grid-cell\" ><div id=\"panel-547-2-3-0\" class=\"so-panel widget widget_sow-image panel-first-child panel-last-child\" data-index=\"8\" ><div\n\t\t\t\n\t\t\tclass=\"so-widget-sow-image so-widget-sow-image-default-8b5b6f678277-547\"\n\t\t\t\n\t\t>\n<div class=\"sow-image-container\">\n\t\t<img \n\tsrc=\"https:\/\/svtk.fi\/wp-content\/uploads\/2016\/01\/vili.jpg\" width=\"113\" height=\"150\" srcset=\"https:\/\/svtk.fi\/wp-content\/uploads\/2016\/01\/vili.jpg 960w, https:\/\/svtk.fi\/wp-content\/uploads\/2016\/01\/vili-225x300.jpg 225w, https:\/\/svtk.fi\/wp-content\/uploads\/2016\/01\/vili-768x1024.jpg 768w\" sizes=\"(max-width: 113px) 100vw, 113px\" alt=\"\" \t\tclass=\"so-widget-image\"\/>\n\t<\/div>\n\n<\/div><\/div><\/div><\/div><div id=\"pg-547-3\"  class=\"panel-grid panel-no-style\" ><div id=\"pgc-547-3-0\"  class=\"panel-grid-cell\" ><div id=\"panel-547-3-0-0\" class=\"so-panel widget widget_sow-editor panel-first-child panel-last-child\" data-index=\"9\" ><div\n\t\t\t\n\t\t\tclass=\"so-widget-sow-editor so-widget-sow-editor-base\"\n\t\t\t\n\t\t><h3 class=\"widget-title\">P\u00e4\u00e4toimittaja<\/h3>\n<div class=\"siteorigin-widget-tinymce textwidget\">\n\t<p>Laura Lilja<\/p>\n<p>laura.lilja(at)aalto.fi<\/p>\n<\/div>\n<\/div><\/div><\/div><div id=\"pgc-547-3-1\"  class=\"panel-grid-cell\" ><div id=\"panel-547-3-1-0\" class=\"so-panel widget widget_sow-image panel-first-child panel-last-child\" data-index=\"10\" ><div\n\t\t\t\n\t\t\tclass=\"so-widget-sow-image so-widget-sow-image-default-8b5b6f678277-547\"\n\t\t\t\n\t\t><\/div><\/div><\/div><div id=\"pgc-547-3-2\"  class=\"panel-grid-cell\" ><div id=\"panel-547-3-2-0\" class=\"so-panel widget widget_sow-editor panel-first-child panel-last-child\" data-index=\"11\" ><div\n\t\t\t\n\t\t\tclass=\"so-widget-sow-editor so-widget-sow-editor-base\"\n\t\t\t\n\t\t><h3 class=\"widget-title\">Yrityssuhdevastaava<\/h3>\n<div class=\"siteorigin-widget-tinymce textwidget\">\n\t<p>Minna Luojus<\/p>\n<p>minna.luojus(at)aalto.fi<\/p>\n<p>050 560 1107<\/p>\n<\/div>\n<\/div><\/div><\/div><div id=\"pgc-547-3-3\"  class=\"panel-grid-cell\" ><div id=\"panel-547-3-3-0\" class=\"so-panel widget widget_sow-image panel-first-child panel-last-child\" data-index=\"12\" ><div\n\t\t\t\n\t\t\tclass=\"so-widget-sow-image so-widget-sow-image-default-8b5b6f678277-547\"\n\t\t\t\n\t\t>\n<div class=\"sow-image-container\">\n\t\t<img \n\tsrc=\"https:\/\/svtk.fi\/wp-content\/uploads\/2015\/10\/minna_luojus.jpg\" width=\"150\" height=\"150\" srcset=\"https:\/\/svtk.fi\/wp-content\/uploads\/2015\/10\/minna_luojus.jpg 447w, https:\/\/svtk.fi\/wp-content\/uploads\/2015\/10\/minna_luojus-150x150.jpg 150w, https:\/\/svtk.fi\/wp-content\/uploads\/2015\/10\/minna_luojus-300x300.jpg 300w\" sizes=\"(max-width: 150px) 100vw, 150px\" alt=\"\" \t\tclass=\"so-widget-image\"\/>\n\t<\/div>\n\n<\/div><\/div><\/div><\/div><div id=\"pg-547-4\"  class=\"panel-grid panel-no-style\" ><div id=\"pgc-547-4-0\"  class=\"panel-grid-cell\" ><div id=\"panel-547-4-0-0\" class=\"so-panel widget widget_sow-editor panel-first-child panel-last-child\" data-index=\"13\" ><div\n\t\t\t\n\t\t\tclass=\"so-widget-sow-editor so-widget-sow-editor-base\"\n\t\t\t\n\t\t><h3 class=\"widget-title\">Tapahtumavastaava<\/h3>\n<div class=\"siteorigin-widget-tinymce textwidget\">\n\t<p>Ville Julin<\/p>\n<p>ville.julin(at)aalto.fi<\/p>\n<p>\u00a0<\/p>\n<\/div>\n<\/div><\/div><\/div><div id=\"pgc-547-4-1\"  class=\"panel-grid-cell\" ><div id=\"panel-547-4-1-0\" class=\"so-panel widget widget_sow-image panel-first-child panel-last-child\" data-index=\"14\" ><div\n\t\t\t\n\t\t\tclass=\"so-widget-sow-image so-widget-sow-image-default-8b5b6f678277-547\"\n\t\t\t\n\t\t>\n<div class=\"sow-image-container\">\n\t\t<img \n\tsrc=\"https:\/\/svtk.fi\/wp-content\/uploads\/2016\/01\/Ville.jpg\" width=\"150\" height=\"150\" srcset=\"https:\/\/svtk.fi\/wp-content\/uploads\/2016\/01\/Ville.jpg 906w, https:\/\/svtk.fi\/wp-content\/uploads\/2016\/01\/Ville-150x150.jpg 150w, https:\/\/svtk.fi\/wp-content\/uploads\/2016\/01\/Ville-300x300.jpg 300w, https:\/\/svtk.fi\/wp-content\/uploads\/2016\/01\/Ville-768x768.jpg 768w\" sizes=\"(max-width: 150px) 100vw, 150px\" alt=\"\" \t\tclass=\"so-widget-image\"\/>\n\t<\/div>\n\n<\/div><\/div><\/div><div id=\"pgc-547-4-2\"  class=\"panel-grid-cell\" ><div id=\"panel-547-4-2-0\" class=\"so-panel widget widget_sow-editor panel-first-child panel-last-child\" data-index=\"15\" ><div\n\t\t\t\n\t\t\tclass=\"so-widget-sow-editor so-widget-sow-editor-base\"\n\t\t\t\n\t\t><h3 class=\"widget-title\">Tapahtumavastaava<\/h3>\n<div class=\"siteorigin-widget-tinymce textwidget\">\n\t<p>Mikael Aikio<\/p>\n<p>mikael.aikio(at)aalto.fi<\/p>\n<p>\u00a0<\/p>\n<p>\u00a0<\/p>\n<\/div>\n<\/div><\/div><\/div><div id=\"pgc-547-4-3\"  class=\"panel-grid-cell\" ><div id=\"panel-547-4-3-0\" class=\"so-panel widget widget_sow-image panel-first-child panel-last-child\" data-index=\"16\" ><div\n\t\t\t\n\t\t\tclass=\"so-widget-sow-image so-widget-sow-image-default-8b5b6f678277-547\"\n\t\t\t\n\t\t><\/div><\/div><\/div><\/div><\/div>","protected":false},"excerpt":{"rendered":"<p>\u00a0\u00a0 Juho Vainiojuho.vainio(at)aalto.fi044 570 3232 Joonas Turpeinenjoonas.turpeinen(at)aalto.fi044 976 2422<\/p>\n","protected":false},"author":2,"featured_media":0,"parent":1832,"menu_order":10,"comment_status":"closed","ping_status":"closed","template":"","meta":{"footnotes":""},"class_list":["post-547","page","type-page","status-publish","hentry"],"_links":{"self":[{"href":"https:\/\/svtk.fi\/index.php?rest_route=\/wp\/v2\/pages\/547"}],"collection":[{"href":"https:\/\/svtk.fi\/index.php?rest_route=\/wp\/v2\/pages"}],"about":[{"href":"https:\/\/svtk.fi\/index.php?rest_route=\/wp\/v2\/types\/page"}],"author":[{"embeddable":true,"href":"https:\/\/svtk.fi\/index.php?rest_route=\/wp\/v2\/users\/2"}],"replies":[{"embeddable":true,"href":"https:\/\/svtk.fi\/index.php?rest_route=%2Fwp%2Fv2%2Fcomments&post=547"}],"version-history":[{"count":6,"href":"https:\/\/svtk.fi\/index.php?rest_route=\/wp\/v2\/pages\/547\/revisions"}],"predecessor-version":[{"id":1842,"href":"https:\/\/svtk.fi\/index.php?rest_route=\/wp\/v2\/pages\/547\/revisions\/1842"}],"up":[{"embeddable":true,"href":"https:\/\/svtk.fi\/index.php?rest_route=\/wp\/v2\/pages\/1832"}],"wp:attachment":[{"href":"https:\/\/svtk.fi\/index.php?rest_route=%2Fwp%2Fv2%2Fmedia&parent=547"}],"curies":[{"name":"wp","href":"https:\/\/api.w.org\/{rel}","templated":true}]}}