{"id":1901,"date":"2026-02-11T17:08:23","date_gmt":"2026-02-11T15:08:23","guid":{"rendered":"https:\/\/svtk.fi\/?page_id=1901"},"modified":"2026-02-11T17:09:05","modified_gmt":"2026-02-11T15:09:05","slug":"asiakirjat","status":"publish","type":"page","link":"https:\/\/svtk.fi\/?page_id=1901","title":{"rendered":"Asiakirjat"},"content":{"rendered":"<p>T\u00e4lt\u00e4 sivulta l\u00f6yd\u00e4t kerhon viralliset dokumentit.<\/p>\n<p><a href=\"https:\/\/svtk.fi\/wp-content\/uploads\/2026\/02\/svtk-saannot.pdf\">Kerhon s\u00e4\u00e4nn\u00f6t<\/a><br \/>\n<a href=\"https:\/\/svtk.fi\/wp-content\/uploads\/2026\/02\/tietosuojaseloste_jasenrekisteri.pdf\">J\u00e4senrekisterin tietosuojaseloste<\/a><\/p>\n\n\n<p><\/p>\n","protected":false},"excerpt":{"rendered":"<p>T\u00e4lt\u00e4 sivulta l\u00f6yd\u00e4t kerhon viralliset dokumentit. Kerhon s\u00e4\u00e4nn\u00f6t J\u00e4senrekisterin tietosuojaseloste<\/p>\n","protected":false},"author":2,"featured_media":0,"parent":0,"menu_order":0,"comment_status":"closed","ping_status":"closed","template":"","meta":{"footnotes":""},"class_list":["post-1901","page","type-page","status-publish","hentry"],"_links":{"self":[{"href":"https:\/\/svtk.fi\/index.php?rest_route=\/wp\/v2\/pages\/1901"}],"collection":[{"href":"https:\/\/svtk.fi\/index.php?rest_route=\/wp\/v2\/pages"}],"about":[{"href":"https:\/\/svtk.fi\/index.php?rest_route=\/wp\/v2\/types\/page"}],"author":[{"embeddable":true,"href":"https:\/\/svtk.fi\/index.php?rest_route=\/wp\/v2\/users\/2"}],"replies":[{"embeddable":true,"href":"https:\/\/svtk.fi\/index.php?rest_route=%2Fwp%2Fv2%2Fcomments&post=1901"}],"version-history":[{"count":2,"href":"https:\/\/svtk.fi\/index.php?rest_route=\/wp\/v2\/pages\/1901\/revisions"}],"predecessor-version":[{"id":1907,"href":"https:\/\/svtk.fi\/index.php?rest_route=\/wp\/v2\/pages\/1901\/revisions\/1907"}],"wp:attachment":[{"href":"https:\/\/svtk.fi\/index.php?rest_route=%2Fwp%2Fv2%2Fmedia&parent=1901"}],"curies":[{"name":"wp","href":"https:\/\/api.w.org\/{rel}","templated":true}]}}