{"id":156,"date":"2015-10-29T10:01:32","date_gmt":"2015-10-29T10:01:32","guid":{"rendered":"http:\/\/svtk.ayy.fi\/?page_id=156"},"modified":"2025-01-08T18:12:02","modified_gmt":"2025-01-08T16:12:02","slug":"jaseneksi","status":"publish","type":"page","link":"https:\/\/svtk.fi\/?page_id=156","title":{"rendered":"J\u00e4seneksi"},"content":{"rendered":"<div id=\"pl-156\"  class=\"panel-layout\" ><div id=\"pg-156-0\"  class=\"panel-grid panel-no-style\" ><div id=\"pgc-156-0-0\"  class=\"panel-grid-cell\" ><div id=\"panel-156-0-0-0\" class=\"so-panel widget widget_sow-editor panel-first-child panel-last-child\" data-index=\"0\" ><div\n\t\t\t\n\t\t\tclass=\"so-widget-sow-editor so-widget-sow-editor-base\"\n\t\t\t\n\t\t>\n<div class=\"siteorigin-widget-tinymce textwidget\">\n\t<p>\u00a0 \u00a0\u00a0<\/p>\n<\/div>\n<\/div><\/div><\/div><\/div><div id=\"pg-156-1\"  class=\"panel-grid panel-no-style\" ><div id=\"pgc-156-1-0\"  class=\"panel-grid-cell\" ><div id=\"panel-156-1-0-0\" class=\"so-panel widget widget_sow-editor panel-first-child panel-last-child\" data-index=\"1\" ><div\n\t\t\t\n\t\t\tclass=\"so-widget-sow-editor so-widget-sow-editor-base\"\n\t\t\t\n\t\t>\n<div class=\"siteorigin-widget-tinymce textwidget\">\n\t<p>S\u00e4hk\u00f6voimatekniikan kerhoon liittyminen kannattaa. Kerhon kautta tutustut helposti muihin alan opiskelijoihin ja voit luoda kontakteja ty\u00f6el\u00e4m\u00e4\u00e4n. J\u00e4senen\u00e4 voit osallistua kerhon tapahtumiin, kuten excursioihin ja saunailtoihin. Suurin osa kerhon tapahtumista on ilmaisia!<\/p>\n<p>SVTK:n j\u00e4seneksi voi liitty\u00e4 kuka tahansa s\u00e4hk\u00f6voimatekniikasta kiinnostunut Aalto-yliopiston ylioppilaskunnan j\u00e4sen.<\/p>\n<p>J\u00e4seneksi liittyminen onnistuu t\u00e4ytt\u00e4m\u00e4ll\u00e4 alla oleva lomake. Toimintaan voi tulla mukaan miss\u00e4 vaiheessa vuotta tahansa.<\/p>\n<p>Tietosuojaselosteemme j\u00e4senrekisterist\u00e4mme l\u00f6ytyy <a href=\"https:\/\/svtk.fi\/wp-content\/uploads\/2018\/05\/Tietosuojaseloste.pdf\">t\u00e4\u00e4lt\u00e4.<\/a><\/p>\n<p>Tietosuojapolitiikka ja rekisterimme l\u00f6ytyy <a href=\"https:\/\/svtk.fi\/tietosuojapolitiikka-2\/\">t\u00e4\u00e4lt\u00e4.<\/a><\/p>\n<\/div>\n<\/div><\/div><\/div><\/div><div id=\"pg-156-2\"  class=\"panel-grid panel-no-style\" ><div id=\"pgc-156-2-0\"  class=\"panel-grid-cell\" ><div id=\"panel-156-2-0-0\" class=\"so-panel widget widget_sow-contact-form panel-first-child panel-last-child\" data-index=\"2\" ><div\n\t\t\t\n\t\t\tclass=\"so-widget-sow-contact-form so-widget-sow-contact-form-default-b93164d1dfe7-156\"\n\t\t\t\n\t\t>\t<form\n\t\taction=\"\/index.php?rest_route=%2Fwp%2Fv2%2Fpages%2F156\"\n\t\tmethod=\"POST\"\n\t\tclass=\"sow-contact-form\"\n\t\tid=\"contact-form-8f7d\"\n\t>\n\n\t\t\n\t\t\t\t\t<div class=\"sow-form-field sow-form-field-name\">\n\t\t\t\t<label class=\"sow-form-field-label-above\" for=\"sow-contact-form-field-nimi-1\">\n\t\t\t\t<strong>\n\t\t\t\t\tNimi\t\t\t\t\t\t\t\t\t<\/strong>\n\t\t\t<\/label>\n\t\t\t\t\t\t\t<div class=\"sow-field-container\">\n\t\t\t\t\t\t\t<input\n\t\t\ttype=\"text\"\n\t\t\tname=\"nimi-1\"\n\t\t\tid=\"sow-contact-form-field-nimi-1\"\n\t\t\tvalue=\"\"\n\t\t\tclass=\"sow-text-field\"\n\t\t\t\t\t\t\t\t\/>\n\t\t\t\t\t\t<\/div>\n\t\t\t\t\t\t\t<\/div>\n\t\t\t\t\t\t<div class=\"sow-form-field sow-form-field-email\">\n\t\t\t\t<label class=\"sow-form-field-label-above\" for=\"sow-contact-form-field-email-1\">\n\t\t\t\t<strong>\n\t\t\t\t\tEmail\t\t\t\t\t\t\t\t\t<\/strong>\n\t\t\t<\/label>\n\t\t\t\t\t\t\t<div class=\"sow-field-container\">\n\t\t\t\t\t\t\t<input\n\t\t\ttype=\"email\"\n\t\t\tname=\"email-1\"\n\t\t\tid=\"sow-contact-form-field-email-1\"\n\t\t\tvalue=\"\"\n\t\t\tclass=\"sow-text-field\"\t\t\t\t\t\t\t\t\/>\n\t\t\t\t\t\t<\/div>\n\t\t\t\t\t\t\t<\/div>\n\t\t\t\t\t\t<div class=\"sow-form-field sow-form-field-select\">\n\t\t\t\t<label class=\"sow-form-field-label-above\" for=\"sow-contact-form-field-vuosikurssi-1\">\n\t\t\t\t<strong>\n\t\t\t\t\tVuosikurssi\t\t\t\t\t\t\t\t\t<\/strong>\n\t\t\t<\/label>\n\t\t\t\t\t\t\t<div class=\"sow-field-container\">\n\t\t\t\t\t\t\t<select\n\t\t\tname=\"vuosikurssi-1\"\n\t\t\tid=\"sow-contact-form-field-vuosikurssi-1\"\n\t\t\t\t\t\t\t\t>\n\t\t\t\t\t\t\t\t<option selected ><\/option>\n\t\t\t\t\t\t\t\t\t\t<option\n\t\t\t\t\t\tvalue=\"1\">\n\t\t\t\t\t\t1\t\t\t\t\t<\/option>\n\t\t\t\t\t\t\t\t\t<option\n\t\t\t\t\t\tvalue=\"2\">\n\t\t\t\t\t\t2\t\t\t\t\t<\/option>\n\t\t\t\t\t\t\t\t\t<option\n\t\t\t\t\t\tvalue=\"3\">\n\t\t\t\t\t\t3\t\t\t\t\t<\/option>\n\t\t\t\t\t\t\t\t\t<option\n\t\t\t\t\t\tvalue=\"4\">\n\t\t\t\t\t\t4\t\t\t\t\t<\/option>\n\t\t\t\t\t\t\t\t\t<option\n\t\t\t\t\t\tvalue=\"n\">\n\t\t\t\t\t\tn\t\t\t\t\t<\/option>\n\t\t\t\t\t\t\t\t\t<option\n\t\t\t\t\t\tvalue=\"valmistunut\">\n\t\t\t\t\t\tvalmistunut\t\t\t\t\t<\/option>\n\t\t\t\t\t\t<\/select>\n\t\t\t\t\t\t<\/div>\n\t\t\t\t\t\t\t<\/div>\n\t\t\t\t\t\t<div class=\"sow-form-field sow-form-field-select\">\n\t\t\t\t<label class=\"sow-form-field-label-above\" for=\"sow-contact-form-field-haluan-liittya-sahkopostilistalle-1\">\n\t\t\t\t<strong>\n\t\t\t\t\tHaluan liitty\u00e4 s\u00e4hk\u00f6postilistalle\t\t\t\t\t\t\t\t\t<\/strong>\n\t\t\t<\/label>\n\t\t\t\t\t\t\t<div class=\"sow-field-container\">\n\t\t\t\t\t\t\t<select\n\t\t\tname=\"haluan-liittya-sahkopostilistalle-1\"\n\t\t\tid=\"sow-contact-form-field-haluan-liittya-sahkopostilistalle-1\"\n\t\t\t\t\t\t\t\t>\n\t\t\t\t\t\t\t\t<option selected ><\/option>\n\t\t\t\t\t\t\t\t\t\t<option\n\t\t\t\t\t\tvalue=\"En\">\n\t\t\t\t\t\tEn\t\t\t\t\t<\/option>\n\t\t\t\t\t\t\t\t\t<option\n\t\t\t\t\t\tvalue=\"Kyll\u00e4\">\n\t\t\t\t\t\tKyll\u00e4\t\t\t\t\t<\/option>\n\t\t\t\t\t\t<\/select>\n\t\t\t\t\t\t<\/div>\n\t\t\t\t\t\t\t<\/div>\n\t\t\t\n\t\t\n\t\t<div class=\"sow-submit-wrapper \n\t\t\t\t\">\n\n\t\t\t<button\n\t\t\t\ttype=\"submit\"\n\t\t\t\tclass=\"sow-submit\n\t\t\t\t\t\t\t\t\"\n\t\t\t\t\t\t\t>\n\t\t\t\tL\u00e4het\u00e4\t\t\t<\/button>\n\t\t<\/div>\n\t\t\t\t<input\n\t\t\ttype=\"hidden\"\n\t\t\tname=\"instance_hash-1\"\n\t\t\tvalue=\"8f7d43f6\"\n\t\t\/>\n\n\t\t<input type=\"hidden\" id=\"_wpnonce\" name=\"_wpnonce\" value=\"9685299ad4\" \/><input type=\"hidden\" name=\"_wp_http_referer\" value=\"\/index.php?rest_route=%2Fwp%2Fv2%2Fpages%2F156\" \/>\t<\/form>\n\t<\/div><\/div><\/div><\/div><\/div>","protected":false},"excerpt":{"rendered":"<p>\u00a0 \u00a0\u00a0 S\u00e4hk\u00f6voimatekniikan kerhoon liittyminen kannattaa. Kerhon kautta tutustut helposti muihin alan opiskelijoihin ja voit luoda kontakteja ty\u00f6el\u00e4m\u00e4\u00e4n. J\u00e4senen\u00e4 voit osallistua kerhon tapahtumiin, kuten excursioihin ja saunailtoihin. Suurin osa kerhon tapahtumista on ilmaisia! SVTK:n j\u00e4seneksi voi liitty\u00e4 kuka tahansa s\u00e4hk\u00f6voimatekniikasta&#8230;<br \/><a class=\"read-more-button\" href=\"https:\/\/svtk.fi\/?page_id=156\">Read more<\/a><\/p>\n","protected":false},"author":2,"featured_media":0,"parent":0,"menu_order":0,"comment_status":"closed","ping_status":"closed","template":"","meta":{"footnotes":""},"class_list":["post-156","page","type-page","status-publish","hentry"],"_links":{"self":[{"href":"https:\/\/svtk.fi\/index.php?rest_route=\/wp\/v2\/pages\/156"}],"collection":[{"href":"https:\/\/svtk.fi\/index.php?rest_route=\/wp\/v2\/pages"}],"about":[{"href":"https:\/\/svtk.fi\/index.php?rest_route=\/wp\/v2\/types\/page"}],"author":[{"embeddable":true,"href":"https:\/\/svtk.fi\/index.php?rest_route=\/wp\/v2\/users\/2"}],"replies":[{"embeddable":true,"href":"https:\/\/svtk.fi\/index.php?rest_route=%2Fwp%2Fv2%2Fcomments&post=156"}],"version-history":[{"count":30,"href":"https:\/\/svtk.fi\/index.php?rest_route=\/wp\/v2\/pages\/156\/revisions"}],"predecessor-version":[{"id":1866,"href":"https:\/\/svtk.fi\/index.php?rest_route=\/wp\/v2\/pages\/156\/revisions\/1866"}],"wp:attachment":[{"href":"https:\/\/svtk.fi\/index.php?rest_route=%2Fwp%2Fv2%2Fmedia&parent=156"}],"curies":[{"name":"wp","href":"https:\/\/api.w.org\/{rel}","templated":true}]}}