{"id":149,"date":"2015-10-29T09:54:42","date_gmt":"2015-10-29T09:54:42","guid":{"rendered":"http:\/\/svtk.ayy.fi\/?page_id=149"},"modified":"2018-09-20T16:08:33","modified_gmt":"2018-09-20T14:08:33","slug":"esittely","status":"publish","type":"page","link":"https:\/\/svtk.fi\/?page_id=149","title":{"rendered":"Esittely"},"content":{"rendered":"<p>S\u00e4hk\u00f6voimatekniikan kerho (SVTK) on Aalto-yliopiston s\u00e4hk\u00f6voimatekniikan opiskelijoiden ammattiainekerho. Kerho kokoaa yhteen alan opiskelijoita ja alumneja erilaisten tapahtumien merkeiss\u00e4. Kerho perustettiin vuonna 1977 ja aktiivisia j\u00e4seni\u00e4 on noin 100.<\/p>\n<p>Kerho j\u00e4rjest\u00e4\u00e4 j\u00e4senilleen erilaisia tapahtumia ymp\u00e4ri lukuvuotta, joista perinteisimpi\u00e4 ovat<\/p>\n<ul>\n<li style=\"text-align: justify;\">SVTK-kilpailut<\/li>\n<li style=\"text-align: justify;\">Yrityssaunaillat<\/li>\n<li style=\"text-align: justify;\">Poikkitieteelliset sitsit<\/li>\n<li style=\"text-align: justify;\">Kotimaan excursio<\/li>\n<li style=\"text-align: justify;\">Alumni-illat<\/li>\n<\/ul>\n<p>Lis\u00e4ksi kerhon julkaisema <em>S\u00e4hk\u00f6\u00e4 opiskelemaan<\/em> -lehti ty\u00f6llist\u00e4\u00e4 tekij\u00f6it\u00e4\u00e4n varsinkin kev\u00e4tlukukaudella.<\/p>\n<p>Tapahtumista tiedotetaan s\u00e4hk\u00f6postilistan, nettisivujen ja vaihtelevasti my\u00f6s facebookin kautta. Lis\u00e4ksi kierr\u00e4mme luentotauoilla kertomassa toiminnastamme pari kertaa kunkin lukukauden aikana. Kerhon j\u00e4seneksi voi liitty\u00e4 vaivattomasti <a href=\"https:\/\/svtk.fi\/jaseneksi\/\">t\u00e4\u00e4lt\u00e4<\/a>.<\/p>\n","protected":false},"excerpt":{"rendered":"<p>S\u00e4hk\u00f6voimatekniikan kerho (SVTK) on Aalto-yliopiston s\u00e4hk\u00f6voimatekniikan opiskelijoiden ammattiainekerho. Kerho kokoaa yhteen alan opiskelijoita ja alumneja erilaisten tapahtumien merkeiss\u00e4. Kerho perustettiin vuonna 1977 ja aktiivisia j\u00e4seni\u00e4 on noin 100. Kerho j\u00e4rjest\u00e4\u00e4 j\u00e4senilleen erilaisia tapahtumia ymp\u00e4ri lukuvuotta, joista perinteisimpi\u00e4 ovat SVTK-kilpailut Yrityssaunaillat&#8230;<br \/><a class=\"read-more-button\" href=\"https:\/\/svtk.fi\/?page_id=149\">Read more<\/a><\/p>\n","protected":false},"author":2,"featured_media":0,"parent":0,"menu_order":0,"comment_status":"closed","ping_status":"closed","template":"","meta":{"footnotes":""},"class_list":["post-149","page","type-page","status-publish","hentry"],"_links":{"self":[{"href":"https:\/\/svtk.fi\/index.php?rest_route=\/wp\/v2\/pages\/149"}],"collection":[{"href":"https:\/\/svtk.fi\/index.php?rest_route=\/wp\/v2\/pages"}],"about":[{"href":"https:\/\/svtk.fi\/index.php?rest_route=\/wp\/v2\/types\/page"}],"author":[{"embeddable":true,"href":"https:\/\/svtk.fi\/index.php?rest_route=\/wp\/v2\/users\/2"}],"replies":[{"embeddable":true,"href":"https:\/\/svtk.fi\/index.php?rest_route=%2Fwp%2Fv2%2Fcomments&post=149"}],"version-history":[{"count":12,"href":"https:\/\/svtk.fi\/index.php?rest_route=\/wp\/v2\/pages\/149\/revisions"}],"predecessor-version":[{"id":153,"href":"https:\/\/svtk.fi\/index.php?rest_route=\/wp\/v2\/pages\/149\/revisions\/153"}],"wp:attachment":[{"href":"https:\/\/svtk.fi\/index.php?rest_route=%2Fwp%2Fv2%2Fmedia&parent=149"}],"curies":[{"name":"wp","href":"https:\/\/api.w.org\/{rel}","templated":true}]}}